{"id":144,"date":"2024-11-11T22:39:06","date_gmt":"2024-11-11T21:39:06","guid":{"rendered":"https:\/\/enzongo-ngeke.fr\/?page_id=144"},"modified":"2026-01-06T10:46:29","modified_gmt":"2026-01-06T09:46:29","slug":"a-propos","status":"publish","type":"page","link":"https:\/\/enzongo-ngeke.fr\/index.php\/a-propos\/","title":{"rendered":"\u00c0 Propos"},"content":{"rendered":"\t\t<div data-elementor-type=\"wp-page\" data-elementor-id=\"144\" class=\"elementor elementor-144\">\n\t\t\t\t<div class=\"elementor-element elementor-element-620e76da e-con-full e-flex e-con e-parent\" data-id=\"620e76da\" data-element_type=\"container\" data-settings=\"{&quot;background_background&quot;:&quot;classic&quot;}\">\n\t\t<div class=\"elementor-element elementor-element-46e79b7 e-con-full e-flex e-con e-child\" data-id=\"46e79b7\" data-element_type=\"container\">\n\t\t\t\t<div class=\"elementor-element elementor-element-d09fcb8 elementor-widget elementor-widget-heading\" data-id=\"d09fcb8\" data-element_type=\"widget\" data-widget_type=\"heading.default\">\n\t\t\t\t<div class=\"elementor-widget-container\">\n\t\t\t<h1 class=\"elementor-heading-title elementor-size-default\">\u00c0 PROPOS<\/h1>\t\t<\/div>\n\t\t\t\t<\/div>\n\t\t\t\t<div class=\"elementor-element elementor-element-6c52fd71 elementor-widget elementor-widget-image\" data-id=\"6c52fd71\" data-element_type=\"widget\" data-widget_type=\"image.default\">\n\t\t\t\t<div class=\"elementor-widget-container\">\n\t\t\t\t\t\t\t\t\t\t\t\t\t<img fetchpriority=\"high\" decoding=\"async\" width=\"531\" height=\"944\" src=\"https:\/\/enzongo-ngeke.fr\/wp-content\/uploads\/2024\/11\/sans-titre-101.webp\" class=\"attachment-full size-full wp-image-207\" alt=\"Autoportrait, Enzongo Ngeke, 95B25\" srcset=\"https:\/\/enzongo-ngeke.fr\/wp-content\/uploads\/2024\/11\/sans-titre-101.webp 531w, https:\/\/enzongo-ngeke.fr\/wp-content\/uploads\/2024\/11\/sans-titre-101-169x300.webp 169w\" sizes=\"(max-width: 531px) 100vw, 531px\" \/>\t\t\t\t\t\t\t\t\t\t\t\t\t<\/div>\n\t\t\t\t<\/div>\n\t\t\t\t<\/div>\n\t\t<div class=\"elementor-element elementor-element-7583204f e-con-full e-flex e-con e-child\" data-id=\"7583204f\" data-element_type=\"container\">\n\t\t\t\t<div class=\"elementor-element elementor-element-35506503 elementor-widget elementor-widget-text-editor\" data-id=\"35506503\" data-element_type=\"widget\" data-widget_type=\"text-editor.default\">\n\t\t\t\t<div class=\"elementor-widget-container\">\n\t\t\t\t\t\t\t<p>Enzongo Ngeke est un auteur prolifique et un expert reconnu en communication institutionnelle, dont le parcours se distingue par un engagement \u00e0 la fois litt\u00e9raire et public. N\u00e9 en 1982 \u00e0 Kinshasa, en R\u00e9publique D\u00e9mocratique du Congo, il s\u2019installe en France \u00e0 l\u2019\u00e2ge de six ans et grandit en r\u00e9gion parisienne avant de s\u2019\u00e9tablir \u00e0 Paris. Titulaire d\u2019un Master en communication audiovisuelle de l\u2019Universit\u00e9 Paris 3 La Sorbonne Nouvelle, il cumule plus de dix ans d\u2019exp\u00e9rience dans la communication publique et la gestion de projets strat\u00e9giques au service de l\u2019\u00c9tat, des collectivit\u00e9s, des associations et de leurs partenaires.<\/p><p>Sa carri\u00e8re litt\u00e9raire, profond\u00e9ment inspir\u00e9e par sa r\u00e9flexion sur la paternit\u00e9 et la soci\u00e9t\u00e9, comprend plusieurs ouvrages remarqu\u00e9s, notamment <em>Le P\u00e8re qui voulait avoir un enfant<\/em> (2019) et <em>Les Papas ne content pas : Lettre d\u2019un p\u00e8re \u00e0 sa fille<\/em> (2020). Ces \u0153uvres, publi\u00e9es aux \u00e9ditions Or P\u00e8res, une maison qu\u2019il a cofond\u00e9e pour soutenir des projets litt\u00e9raires originaux, explorent des th\u00e8mes universels avec profondeur et sensibilit\u00e9, apportant une contribution significative au paysage litt\u00e9raire contemporain.<\/p>\t\t\t\t\t\t<\/div>\n\t\t\t\t<\/div>\n\t\t\t\t<\/div>\n\t\t\t\t<\/div>\n\t\t<div class=\"elementor-element elementor-element-4a2b1535 e-con-full e-flex e-con e-parent\" data-id=\"4a2b1535\" data-element_type=\"container\" data-settings=\"{&quot;background_background&quot;:&quot;classic&quot;}\">\n\t\t<div class=\"elementor-element elementor-element-31c7dc3b e-con-full e-flex e-con e-child\" data-id=\"31c7dc3b\" data-element_type=\"container\">\n\t\t\t\t<div class=\"elementor-element elementor-element-16be4da2 elementor-widget elementor-widget-text-editor\" data-id=\"16be4da2\" data-element_type=\"widget\" data-widget_type=\"text-editor.default\">\n\t\t\t\t<div class=\"elementor-widget-container\">\n\t\t\t\t\t\t\t<p>En tant que responsable de la communication du r\u00e9seau Pr\u00e9f\u00e9rence, un r\u00e9seau d&#8217;\u00e9tablissements publics agricoles initi\u00e9 par la Direction g\u00e9n\u00e9rale de l\u2019enseignement et de la recherche (DGER) sous l\u2019\u00e9gide du minist\u00e8re de l\u2019Agriculture, de la Souverainet\u00e9 alimentaire et de la For\u00eat, Enzongo Ngeke \u0153uvre \u00e0 promouvoir les \u00e9tablissements agricoles publics et leurs programmes de formation. <br \/><br \/>Il pilote des initiatives nationales de communication strat\u00e9gique, en mettant l&#8217;accent sur des th\u00e8mes cl\u00e9s comme l\u2019\u00e9ducation, l\u2019agriculture et l\u2019insertion des jeunes, renfor\u00e7ant ainsi la visibilit\u00e9 et l&#8217;impact des actions publiques aupr\u00e8s de leurs publics cibles. <br \/><br \/>Son parcours comprend \u00e9galement une dimension entrepreneuriale et associative riche. Enzongo a fond\u00e9 plusieurs organisations dans les domaines culturel, num\u00e9rique et de la communication. En tant que consultant, il a accompagn\u00e9 des ONG et des institutions telles que Coordination Sud, France Volontaires et Expertise France, en d\u00e9veloppant des strat\u00e9gies de mobilisation des publics, de transformation num\u00e9rique et de communication. <br \/><br \/>Auteur engag\u00e9 et sp\u00e9cialiste de la communication institutionnelle, Enzongo Ngeke d\u00e9montre \u00e0 travers ses projets une capacit\u00e9 unique \u00e0 f\u00e9d\u00e9rer les publics et \u00e0 valoriser les actions de l\u2019\u00c9tat, des collectivit\u00e9s et des associations, tout en apportant une voix personnelle et authentique \u00e0 ses \u0153uvres litt\u00e9raires.<\/p>\t\t\t\t\t\t<\/div>\n\t\t\t\t<\/div>\n\t\t\t\t<\/div>\n\t\t<div class=\"elementor-element elementor-element-767710af e-con-full e-flex e-con e-child\" data-id=\"767710af\" data-element_type=\"container\">\n\t\t\t\t<div class=\"elementor-element elementor-element-65e2d2c0 elementor-widget elementor-widget-image\" data-id=\"65e2d2c0\" data-element_type=\"widget\" data-widget_type=\"image.default\">\n\t\t\t\t<div class=\"elementor-widget-container\">\n\t\t\t\t\t\t\t\t\t\t\t\t\t<img decoding=\"async\" width=\"531\" height=\"944\" src=\"https:\/\/enzongo-ngeke.fr\/wp-content\/uploads\/2024\/11\/sans-titre-102.webp\" class=\"attachment-large size-large wp-image-233\" alt=\"Bonaventure, Enzongo Ngeke\" srcset=\"https:\/\/enzongo-ngeke.fr\/wp-content\/uploads\/2024\/11\/sans-titre-102.webp 531w, https:\/\/enzongo-ngeke.fr\/wp-content\/uploads\/2024\/11\/sans-titre-102-169x300.webp 169w\" sizes=\"(max-width: 531px) 100vw, 531px\" \/>\t\t\t\t\t\t\t\t\t\t\t\t\t<\/div>\n\t\t\t\t<\/div>\n\t\t\t\t<\/div>\n\t\t\t\t<\/div>\n\t\t<div class=\"elementor-element elementor-element-1d810fd2 e-con-full e-flex e-con e-parent\" data-id=\"1d810fd2\" data-element_type=\"container\" data-settings=\"{&quot;background_background&quot;:&quot;classic&quot;}\">\n\t\t<div class=\"elementor-element elementor-element-7262be5d e-con-full e-flex e-con e-child\" data-id=\"7262be5d\" data-element_type=\"container\">\n\t\t\t\t<div class=\"elementor-element elementor-element-46b46d7a elementor-widget elementor-widget-heading\" data-id=\"46b46d7a\" data-element_type=\"widget\" data-widget_type=\"heading.default\">\n\t\t\t\t<div class=\"elementor-widget-container\">\n\t\t\t<h2 class=\"elementor-heading-title elementor-size-default\">Bibliographie<\/h2>\t\t<\/div>\n\t\t\t\t<\/div>\n\t\t\t\t<div class=\"elementor-element elementor-element-6c1cc7ec elementor-widget elementor-widget-text-editor\" data-id=\"6c1cc7ec\" data-element_type=\"widget\" data-widget_type=\"text-editor.default\">\n\t\t\t\t<div class=\"elementor-widget-container\">\n\t\t\t\t\t\t\t<p><em>Dieu est mort et il n\u2019ira pas au Paradis<\/em>, 2025, Le Lys Bleu \u00e9ditions<\/p><p><em>Tchombangou<\/em>, 2023, \u00e9ditions Or P\u00e8res<\/p><p><em>95b25 : le louch\u00e9b\u00e8me du Ve<\/em>, 2020, \u00e9ditions Or P\u00e8res<\/p><p><em>Les Papas ne content pas : lettre d\u2019un p\u00e8re \u00e0 sa fille<\/em>, 2020, \u00e9ditions Or P\u00e8res<\/p><p><em>Le P\u00e8re qui voulait avoir un enfant<\/em>, 2019, \u00e9ditions Or P\u00e8res<\/p>\t\t\t\t\t\t<\/div>\n\t\t\t\t<\/div>\n\t\t\t\t<\/div>\n\t\t<div class=\"elementor-element elementor-element-4cb479e5 e-con-full e-flex e-con e-child\" data-id=\"4cb479e5\" data-element_type=\"container\">\n\t\t\t\t<div class=\"elementor-element elementor-element-17750093 elementor-widget elementor-widget-image\" data-id=\"17750093\" data-element_type=\"widget\" data-widget_type=\"image.default\">\n\t\t\t\t<div class=\"elementor-widget-container\">\n\t\t\t\t\t\t\t\t\t\t\t\t\t<img decoding=\"async\" width=\"531\" height=\"944\" src=\"https:\/\/enzongo-ngeke.fr\/wp-content\/uploads\/2024\/11\/sans-titre-100.webp\" class=\"attachment-full size-full wp-image-202\" alt=\"l&#039;homme, par Enzongo Ngeke, Le P\u00e8re qui voulait avoir un enfant\" srcset=\"https:\/\/enzongo-ngeke.fr\/wp-content\/uploads\/2024\/11\/sans-titre-100.webp 531w, https:\/\/enzongo-ngeke.fr\/wp-content\/uploads\/2024\/11\/sans-titre-100-169x300.webp 169w\" sizes=\"(max-width: 531px) 100vw, 531px\" \/>\t\t\t\t\t\t\t\t\t\t\t\t\t<\/div>\n\t\t\t\t<\/div>\n\t\t\t\t<\/div>\n\t\t\t\t<\/div>\n\t\t<div class=\"elementor-element elementor-element-d92f7f0 e-flex e-con-boxed e-con e-parent\" data-id=\"d92f7f0\" data-element_type=\"container\">\n\t\t\t\t\t<div class=\"e-con-inner\">\n\t\t<div class=\"elementor-element elementor-element-2c4b0e0 e-con-full e-flex e-con e-child\" data-id=\"2c4b0e0\" data-element_type=\"container\">\n\t\t\t\t<\/div>\n\t\t<div class=\"elementor-element elementor-element-8528143 e-con-full e-flex e-con e-child\" data-id=\"8528143\" data-element_type=\"container\">\n\t\t\t\t<\/div>\n\t\t<div class=\"elementor-element elementor-element-5f0fe3c e-con-full e-flex e-con e-child\" data-id=\"5f0fe3c\" data-element_type=\"container\">\n\t\t\t\t<div class=\"elementor-element elementor-element-f9c569d elementor-widget elementor-widget-text-editor\" data-id=\"f9c569d\" data-element_type=\"widget\" data-widget_type=\"text-editor.default\">\n\t\t\t\t<div class=\"elementor-widget-container\">\n\t\t\t\t\t\t\t<p>Enzongo Ngeke 2026 Tous droits r\u00e9serv\u00e9s<\/p>\t\t\t\t\t\t<\/div>\n\t\t\t\t<\/div>\n\t\t\t\t<\/div>\n\t\t\t\t\t<\/div>\n\t\t\t\t<\/div>\n\t\t\t\t<\/div>\n\t\t","protected":false},"excerpt":{"rendered":"<p>\u00c0 PROPOS Enzongo Ngeke est un auteur prolifique et un expert reconnu en communication institutionnelle, dont le parcours se distingue par un engagement \u00e0 la&hellip;<\/p>\n","protected":false},"author":1,"featured_media":0,"parent":0,"menu_order":0,"comment_status":"closed","ping_status":"closed","template":"","meta":{"footnotes":""},"class_list":["post-144","page","type-page","status-publish","hentry"],"_links":{"self":[{"href":"https:\/\/enzongo-ngeke.fr\/index.php\/wp-json\/wp\/v2\/pages\/144","targetHints":{"allow":["GET"]}}],"collection":[{"href":"https:\/\/enzongo-ngeke.fr\/index.php\/wp-json\/wp\/v2\/pages"}],"about":[{"href":"https:\/\/enzongo-ngeke.fr\/index.php\/wp-json\/wp\/v2\/types\/page"}],"author":[{"embeddable":true,"href":"https:\/\/enzongo-ngeke.fr\/index.php\/wp-json\/wp\/v2\/users\/1"}],"replies":[{"embeddable":true,"href":"https:\/\/enzongo-ngeke.fr\/index.php\/wp-json\/wp\/v2\/comments?post=144"}],"version-history":[{"count":217,"href":"https:\/\/enzongo-ngeke.fr\/index.php\/wp-json\/wp\/v2\/pages\/144\/revisions"}],"predecessor-version":[{"id":971,"href":"https:\/\/enzongo-ngeke.fr\/index.php\/wp-json\/wp\/v2\/pages\/144\/revisions\/971"}],"wp:attachment":[{"href":"https:\/\/enzongo-ngeke.fr\/index.php\/wp-json\/wp\/v2\/media?parent=144"}],"curies":[{"name":"wp","href":"https:\/\/api.w.org\/{rel}","templated":true}]}}