{"id":146,"date":"2024-11-11T22:39:52","date_gmt":"2024-11-11T21:39:52","guid":{"rendered":"https:\/\/enzongo-ngeke.fr\/?page_id=146"},"modified":"2026-01-05T22:09:25","modified_gmt":"2026-01-05T21:09:25","slug":"oeuvres","status":"publish","type":"page","link":"https:\/\/enzongo-ngeke.fr\/index.php\/oeuvres\/","title":{"rendered":"Oeuvres"},"content":{"rendered":"\t\t<div data-elementor-type=\"wp-page\" data-elementor-id=\"146\" class=\"elementor elementor-146\">\n\t\t\t\t<div class=\"elementor-element elementor-element-7b8383e e-flex e-con-boxed e-con e-parent\" data-id=\"7b8383e\" data-element_type=\"container\">\n\t\t\t\t\t<div class=\"e-con-inner\">\n\t\t<div class=\"elementor-element elementor-element-b297c3c e-con-full e-flex e-con e-child\" data-id=\"b297c3c\" data-element_type=\"container\">\n\t\t\t\t<div class=\"elementor-element elementor-element-a0ba19d elementor-widget elementor-widget-image\" data-id=\"a0ba19d\" data-element_type=\"widget\" data-widget_type=\"image.default\">\n\t\t\t\t<div class=\"elementor-widget-container\">\n\t\t\t\t\t\t\t\t\t\t\t\t\t<img fetchpriority=\"high\" decoding=\"async\" width=\"562\" height=\"1000\" src=\"https:\/\/enzongo-ngeke.fr\/wp-content\/uploads\/2025\/01\/IMG_1200.webp\" class=\"attachment-large size-large wp-image-896\" alt=\"\" srcset=\"https:\/\/enzongo-ngeke.fr\/wp-content\/uploads\/2025\/01\/IMG_1200.webp 562w, https:\/\/enzongo-ngeke.fr\/wp-content\/uploads\/2025\/01\/IMG_1200-169x300.webp 169w\" sizes=\"(max-width: 562px) 100vw, 562px\" \/>\t\t\t\t\t\t\t\t\t\t\t\t\t<\/div>\n\t\t\t\t<\/div>\n\t\t\t\t<\/div>\n\t\t<div class=\"elementor-element elementor-element-4b13836 e-con-full e-flex e-con e-child\" data-id=\"4b13836\" data-element_type=\"container\">\n\t\t\t\t<div class=\"elementor-element elementor-element-8f47a6b elementor-widget elementor-widget-image\" data-id=\"8f47a6b\" data-element_type=\"widget\" data-widget_type=\"image.default\">\n\t\t\t\t<div class=\"elementor-widget-container\">\n\t\t\t\t\t\t\t\t\t\t\t\t\t<img decoding=\"async\" width=\"562\" height=\"1000\" src=\"https:\/\/enzongo-ngeke.fr\/wp-content\/uploads\/2025\/01\/IMG_1203.webp\" class=\"attachment-large size-large wp-image-897\" alt=\"\" srcset=\"https:\/\/enzongo-ngeke.fr\/wp-content\/uploads\/2025\/01\/IMG_1203.webp 562w, https:\/\/enzongo-ngeke.fr\/wp-content\/uploads\/2025\/01\/IMG_1203-169x300.webp 169w\" sizes=\"(max-width: 562px) 100vw, 562px\" \/>\t\t\t\t\t\t\t\t\t\t\t\t\t<\/div>\n\t\t\t\t<\/div>\n\t\t\t\t<\/div>\n\t\t<div class=\"elementor-element elementor-element-b23171c e-con-full e-flex e-con e-child\" data-id=\"b23171c\" data-element_type=\"container\">\n\t\t\t\t<\/div>\n\t\t\t\t\t<\/div>\n\t\t\t\t<\/div>\n\t\t<div class=\"elementor-element elementor-element-80909af e-flex e-con-boxed e-con e-parent\" data-id=\"80909af\" data-element_type=\"container\">\n\t\t\t\t\t<div class=\"e-con-inner\">\n\t\t<div class=\"elementor-element elementor-element-89dee3f e-con-full e-flex e-con e-child\" data-id=\"89dee3f\" data-element_type=\"container\">\n\t\t\t\t<div class=\"elementor-element elementor-element-1295ae4 elementor-widget elementor-widget-image\" data-id=\"1295ae4\" data-element_type=\"widget\" data-widget_type=\"image.default\">\n\t\t\t\t<div class=\"elementor-widget-container\">\n\t\t\t\t\t\t\t\t\t\t\t\t\t\t<a href=\"https:\/\/www.amazon.fr\/Tchombangou-Enzongo-NGEKE\/dp\/249164617X\/ref=sr_1_2?__mk_fr_FR=\u00c5M\u00c5\u017d\u00d5\u00d1&#038;dib=eyJ2IjoiMSJ9.JV4HNFbhJ_5QC4Gn7vsZIJFxPgNCAIyXAY6z2kr2yz39SUjJrYP1ldwFrfjazLZD9pfTdfnIMrVvz9V-wu2c3w.skOf2jQYkhLS2uU3d5_qdNMpVn8LprVcoOYQ7gJA_aI&#038;dib_tag=se&#038;keywords=enzongo+ngeke&#038;qid=1731694853&#038;sr=8-2\">\n\t\t\t\t\t\t\t<img decoding=\"async\" width=\"696\" height=\"1024\" src=\"https:\/\/enzongo-ngeke.fr\/wp-content\/uploads\/2024\/11\/TCHOMBANGOU-14-696x1024.webp\" class=\"attachment-large size-large wp-image-770\" alt=\"Tchombangou, Enzongo Ngeke, 2023, \u00e9ditions Or P\u00e8res\" srcset=\"https:\/\/enzongo-ngeke.fr\/wp-content\/uploads\/2024\/11\/TCHOMBANGOU-14-696x1024.webp 696w, https:\/\/enzongo-ngeke.fr\/wp-content\/uploads\/2024\/11\/TCHOMBANGOU-14-204x300.webp 204w, https:\/\/enzongo-ngeke.fr\/wp-content\/uploads\/2024\/11\/TCHOMBANGOU-14-768x1130.webp 768w, https:\/\/enzongo-ngeke.fr\/wp-content\/uploads\/2024\/11\/TCHOMBANGOU-14.webp 784w\" sizes=\"(max-width: 696px) 100vw, 696px\" \/>\t\t\t\t\t\t\t\t<\/a>\n\t\t\t\t\t\t\t\t\t\t\t\t\t<\/div>\n\t\t\t\t<\/div>\n\t\t\t\t<\/div>\n\t\t<div class=\"elementor-element elementor-element-ad9f73e e-con-full e-flex e-con e-child\" data-id=\"ad9f73e\" data-element_type=\"container\">\n\t\t<div class=\"elementor-element elementor-element-fd73b33 e-con-full e-flex e-con e-child\" data-id=\"fd73b33\" data-element_type=\"container\">\n\t\t\t\t<div class=\"elementor-element elementor-element-c3dd7cb elementor-widget elementor-widget-heading\" data-id=\"c3dd7cb\" data-element_type=\"widget\" data-widget_type=\"heading.default\">\n\t\t\t\t<div class=\"elementor-widget-container\">\n\t\t\t<h1 class=\"elementor-heading-title elementor-size-default\">Tchombangou<\/h1>\t\t<\/div>\n\t\t\t\t<\/div>\n\t\t\t\t<\/div>\n\t\t<div class=\"elementor-element elementor-element-956f811 e-con-full e-flex e-con e-child\" data-id=\"956f811\" data-element_type=\"container\">\n\t\t\t\t<div class=\"elementor-element elementor-element-a02f5ab elementor-widget elementor-widget-text-editor\" data-id=\"a02f5ab\" data-element_type=\"widget\" data-widget_type=\"text-editor.default\">\n\t\t\t\t<div class=\"elementor-widget-container\">\n\t\t\t\t\t\t\t<p style=\"font-weight: 400;\"><em>L<\/em>a Nuit accuse le Jour d\u2019\u00eatre laxiste. Et d\u2019avoir trop souvent la t\u00eate tourn\u00e9e vers les nuages, plut\u00f4t que vers les enfants de Tchombangou. On raconte qu\u2019elle lui reproche de ne pas suffisamment et correctement veiller sur le village. Qui subit depuis de trop nombreux mois, d\u2019ignobles forfaits. De la part de farfelus et fanatiques pseudo-religieux : des bandits sans foi ni loi dont la seule raison d\u2019\u00eatre est de commettre toutes sortes de forfaitures. Elle dit de lui qu\u2019il n\u2019est pas s\u00e9rieux. Qu\u2019il est incapable de faire r\u00e9gner l\u2019ordre et la discipline. Et la paix. De se d\u00e9barrasser de ces fauteurs de troubles qui mettent le d\u00e9sordre dans la r\u00e9gion.<br \/><br \/><\/p><p style=\"font-weight: 400;\"><em>Tchombangou<\/em>, 2023, \u00e9ditions Or P\u00e8res<\/p>\t\t\t\t\t\t<\/div>\n\t\t\t\t<\/div>\n\t\t\t\t<\/div>\n\t\t\t\t<\/div>\n\t\t\t\t\t<\/div>\n\t\t\t\t<\/div>\n\t\t<div class=\"elementor-element elementor-element-75790ee e-flex e-con-boxed e-con e-parent\" data-id=\"75790ee\" data-element_type=\"container\">\n\t\t\t\t\t<div class=\"e-con-inner\">\n\t\t<div class=\"elementor-element elementor-element-40cc434 e-con-full e-flex e-con e-child\" data-id=\"40cc434\" data-element_type=\"container\">\n\t\t\t\t<div class=\"elementor-element elementor-element-3a16453 elementor-widget elementor-widget-heading\" data-id=\"3a16453\" data-element_type=\"widget\" data-widget_type=\"heading.default\">\n\t\t\t\t<div class=\"elementor-widget-container\">\n\t\t\t<h1 class=\"elementor-heading-title elementor-size-default\">95b25 : le louch\u00e9b\u00e8me du Ve<\/h1>\t\t<\/div>\n\t\t\t\t<\/div>\n\t\t\t\t<\/div>\n\t\t<div class=\"elementor-element elementor-element-cc115c2 e-con-full e-flex e-con e-child\" data-id=\"cc115c2\" data-element_type=\"container\">\n\t\t\t\t<\/div>\n\t\t<div class=\"elementor-element elementor-element-d07bbd6 e-con-full e-flex e-con e-child\" data-id=\"d07bbd6\" data-element_type=\"container\">\n\t\t\t\t<div class=\"elementor-element elementor-element-28c3811 elementor-widget elementor-widget-text-editor\" data-id=\"28c3811\" data-element_type=\"widget\" data-widget_type=\"text-editor.default\">\n\t\t\t\t<div class=\"elementor-widget-container\">\n\t\t\t\t\t\t\t<p style=\"font-weight: 400;\">Ceci est le tome 1 d\u2019une saga sans nom. Impossible de le r\u00e9sumer. Lisez-le attentivement. Sans pr\u00e9cipitation ni conclusion h\u00e2tive, et surtout, ne sautez aucune ligne, car chaque d\u00e9tail compte. M\u00e9fiez-vous de tout et de tous. N\u2019ayez confiance en personne.<\/p><p><em>95b25 : le louch\u00e9b\u00e8me du Ve<\/em>, 2020, \u00e9ditions Or P\u00e8res<\/p>\t\t\t\t\t\t<\/div>\n\t\t\t\t<\/div>\n\t\t\t\t<\/div>\n\t\t<div class=\"elementor-element elementor-element-cea29f4 e-con-full e-flex e-con e-child\" data-id=\"cea29f4\" data-element_type=\"container\">\n\t\t\t\t<div class=\"elementor-element elementor-element-470f277 elementor-widget elementor-widget-image\" data-id=\"470f277\" data-element_type=\"widget\" data-widget_type=\"image.default\">\n\t\t\t\t<div class=\"elementor-widget-container\">\n\t\t\t\t\t\t\t\t\t\t\t\t\t\t<a href=\"https:\/\/www.amazon.fr\/95b25-Louch\u00e9b\u00e8me-du-Enzongo-NGEKE-ebook\/dp\/B08QHDNJ24\/ref=sr_1_3?__mk_fr_FR=\u00c5M\u00c5\u017d\u00d5\u00d1&#038;dib=eyJ2IjoiMSJ9.JV4HNFbhJ_5QC4Gn7vsZIJFxPgNCAIyXAY6z2kr2yz39SUjJrYP1ldwFrfjazLZD9pfTdfnIMrVvz9V-wu2c3w.skOf2jQYkhLS2uU3d5_qdNMpVn8LprVcoOYQ7gJA_aI&#038;dib_tag=se&#038;keywords=enzongo+ngeke&#038;qid=1731694853&#038;sr=8-3\">\n\t\t\t\t\t\t\t<img loading=\"lazy\" decoding=\"async\" width=\"696\" height=\"1024\" src=\"https:\/\/enzongo-ngeke.fr\/wp-content\/uploads\/2024\/11\/95B25-696x1024.webp\" class=\"attachment-large size-large wp-image-738\" alt=\"95b25 : Le Louch\u00e9b\u00e8me du Ve, Enzongo Ngeke, 2020, \u00e9ditions Or P\u00e8res\" srcset=\"https:\/\/enzongo-ngeke.fr\/wp-content\/uploads\/2024\/11\/95B25-696x1024.webp 696w, https:\/\/enzongo-ngeke.fr\/wp-content\/uploads\/2024\/11\/95B25-204x300.webp 204w, https:\/\/enzongo-ngeke.fr\/wp-content\/uploads\/2024\/11\/95B25-768x1130.webp 768w, https:\/\/enzongo-ngeke.fr\/wp-content\/uploads\/2024\/11\/95B25.webp 784w\" sizes=\"(max-width: 696px) 100vw, 696px\" \/>\t\t\t\t\t\t\t\t<\/a>\n\t\t\t\t\t\t\t\t\t\t\t\t\t<\/div>\n\t\t\t\t<\/div>\n\t\t\t\t<\/div>\n\t\t\t\t\t<\/div>\n\t\t\t\t<\/div>\n\t\t<div class=\"elementor-element elementor-element-d113fcd e-flex e-con-boxed e-con e-parent\" data-id=\"d113fcd\" data-element_type=\"container\">\n\t\t\t\t\t<div class=\"e-con-inner\">\n\t\t<div class=\"elementor-element elementor-element-e896d51 e-con-full e-flex e-con e-child\" data-id=\"e896d51\" data-element_type=\"container\">\n\t\t\t\t<div class=\"elementor-element elementor-element-3dc9055 elementor-widget elementor-widget-heading\" data-id=\"3dc9055\" data-element_type=\"widget\" data-widget_type=\"heading.default\">\n\t\t\t\t<div class=\"elementor-widget-container\">\n\t\t\t<h1 class=\"elementor-heading-title elementor-size-default\">Les Papas ne content pas : lettre d\u2019un p\u00e8re \u00e0 sa fille<\/h1>\t\t<\/div>\n\t\t\t\t<\/div>\n\t\t\t\t<\/div>\n\t\t<div class=\"elementor-element elementor-element-600f40e e-con-full e-flex e-con e-child\" data-id=\"600f40e\" data-element_type=\"container\">\n\t\t\t\t<\/div>\n\t\t<div class=\"elementor-element elementor-element-e9560be e-con-full e-flex e-con e-child\" data-id=\"e9560be\" data-element_type=\"container\">\n\t\t\t\t<div class=\"elementor-element elementor-element-fac7b03 elementor-widget elementor-widget-image\" data-id=\"fac7b03\" data-element_type=\"widget\" data-widget_type=\"image.default\">\n\t\t\t\t<div class=\"elementor-widget-container\">\n\t\t\t\t\t\t\t\t\t\t\t\t\t\t<a href=\"https:\/\/www.amazon.fr\/Papas-content-pas-Lettre-fille-ebook\/dp\/B085LVFK1Y\/ref=sr_1_4?__mk_fr_FR=\u00c5M\u00c5\u017d\u00d5\u00d1&#038;dib=eyJ2IjoiMSJ9.JV4HNFbhJ_5QC4Gn7vsZIJFxPgNCAIyXAY6z2kr2yz39SUjJrYP1ldwFrfjazLZD9pfTdfnIMrVvz9V-wu2c3w.skOf2jQYkhLS2uU3d5_qdNMpVn8LprVcoOYQ7gJA_aI&#038;dib_tag=se&#038;keywords=enzongo+ngeke&#038;qid=1731694853&#038;sr=8-4\">\n\t\t\t\t\t\t\t<img loading=\"lazy\" decoding=\"async\" width=\"696\" height=\"1024\" src=\"https:\/\/enzongo-ngeke.fr\/wp-content\/uploads\/2024\/11\/LPNCP-696x1024.webp\" class=\"attachment-large size-large wp-image-686\" alt=\"Les Papas ne content pas : Lettre d\u2019un p\u00e8re \u00e0 sa fille, Enzongo Ngeke, 2020, \u00e9ditions Or P\u00e8res\" srcset=\"https:\/\/enzongo-ngeke.fr\/wp-content\/uploads\/2024\/11\/LPNCP-696x1024.webp 696w, https:\/\/enzongo-ngeke.fr\/wp-content\/uploads\/2024\/11\/LPNCP-204x300.webp 204w, https:\/\/enzongo-ngeke.fr\/wp-content\/uploads\/2024\/11\/LPNCP.webp 784w\" sizes=\"(max-width: 696px) 100vw, 696px\" \/>\t\t\t\t\t\t\t\t<\/a>\n\t\t\t\t\t\t\t\t\t\t\t\t\t<\/div>\n\t\t\t\t<\/div>\n\t\t\t\t<\/div>\n\t\t<div class=\"elementor-element elementor-element-3ea6c4e e-con-full e-flex e-con e-child\" data-id=\"3ea6c4e\" data-element_type=\"container\">\n\t\t\t\t<div class=\"elementor-element elementor-element-6c2d4c1 elementor-widget elementor-widget-text-editor\" data-id=\"6c2d4c1\" data-element_type=\"widget\" data-widget_type=\"text-editor.default\">\n\t\t\t\t<div class=\"elementor-widget-container\">\n\t\t\t\t\t\t\t<p>\u00a0<\/p><p style=\"font-weight: 400;\">Apr\u00e8s une s\u00e9paration brutale et douloureuse, un papa tente d\u2019expliquer \u00e0 sa fille les raisons de son absence. Il se livre \u00e0 travers des lettres \u00e9mouvantes qui racontent son histoire comme autant de flash-back : son arriv\u00e9e en France avec ses parents et son fr\u00e8re alors qu\u2019il \u00e9tait encore tout petit, son enfance et son adolescence en r\u00e9gion parisienne, sa rencontre avec la m\u00e8re de sa fille sur les bancs de la fac et ses d\u00e9buts difficiles en tant que travailleur ind\u00e9pendant. Il d\u00e9crit surtout son histoire d\u2019amour passionnelle avec son ex-compagne et l\u2019arriv\u00e9e de cette enfant qui bouleversera sa vie de bien des fa\u00e7ons. \u00c0 travers son r\u00e9cit, il essaie aussi de transmettre ses valeurs \u00e0 sa fille, ses convictions sur la condition des femmes, des immigr\u00e9s, sur le racisme, la parit\u00e9 hommes-femmes \u2013 notamment en mati\u00e8re d\u2019\u00e9ducation \u2013, la place du p\u00e8re &#8230; Un plaidoyer qui pr\u00f4ne la tol\u00e9rance, le pardon, et qui combat les clich\u00e9s difficiles \u00e0 \u00e9branler.<\/p><p style=\"font-weight: 400;\"><em>Les Papas ne content pas : lettre d\u2019un p\u00e8re \u00e0 sa fille<\/em>, 2020, \u00e9ditions Or P\u00e8res<\/p><p style=\"font-weight: 400;\">\u00a0<\/p>\t\t\t\t\t\t<\/div>\n\t\t\t\t<\/div>\n\t\t\t\t<\/div>\n\t\t\t\t\t<\/div>\n\t\t\t\t<\/div>\n\t\t<div class=\"elementor-element elementor-element-993f3bb e-flex e-con-boxed e-con e-parent\" data-id=\"993f3bb\" data-element_type=\"container\">\n\t\t\t\t\t<div class=\"e-con-inner\">\n\t\t<div class=\"elementor-element elementor-element-9712e69 e-con-full e-flex e-con e-child\" data-id=\"9712e69\" data-element_type=\"container\">\n\t\t\t\t<div class=\"elementor-element elementor-element-2cfce93 elementor-widget elementor-widget-image\" data-id=\"2cfce93\" data-element_type=\"widget\" data-widget_type=\"image.default\">\n\t\t\t\t<div class=\"elementor-widget-container\">\n\t\t\t\t\t\t\t\t\t\t\t\t\t\t<a href=\"https:\/\/www.amazon.fr\/p\u00e8re-qui-voulait-avoir-enfant\/dp\/2491646005\/ref=sr_1_1?__mk_fr_FR=\u00c5M\u00c5\u017d\u00d5\u00d1&#038;dib=eyJ2IjoiMSJ9.JV4HNFbhJ_5QC4Gn7vsZIJFxPgNCAIyXAY6z2kr2yz39SUjJrYP1ldwFrfjazLZD9pfTdfnIMrVvz9V-wu2c3w.skOf2jQYkhLS2uU3d5_qdNMpVn8LprVcoOYQ7gJA_aI&#038;dib_tag=se&#038;keywords=enzongo+ngeke&#038;qid=1731694853&#038;sr=8-1\">\n\t\t\t\t\t\t\t<img loading=\"lazy\" decoding=\"async\" width=\"696\" height=\"1024\" src=\"https:\/\/enzongo-ngeke.fr\/wp-content\/uploads\/2024\/11\/LPQVAUE.webp\" class=\"attachment-large size-large wp-image-648\" alt=\"Le P\u00e8re qui voulait avoir un enfant, Enzongo Ngeke, 2019, \u00e9ditions Or P\u00e8res\" \/>\t\t\t\t\t\t\t\t<\/a>\n\t\t\t\t\t\t\t\t\t\t\t\t\t<\/div>\n\t\t\t\t<\/div>\n\t\t\t\t<\/div>\n\t\t<div class=\"elementor-element elementor-element-88ad2f5 e-con-full e-flex e-con e-child\" data-id=\"88ad2f5\" data-element_type=\"container\">\n\t\t<div class=\"elementor-element elementor-element-083ffa4 e-con-full e-flex e-con e-child\" data-id=\"083ffa4\" data-element_type=\"container\">\n\t\t\t\t<div class=\"elementor-element elementor-element-291b024 elementor-widget elementor-widget-heading\" data-id=\"291b024\" data-element_type=\"widget\" data-widget_type=\"heading.default\">\n\t\t\t\t<div class=\"elementor-widget-container\">\n\t\t\t<h1 class=\"elementor-heading-title elementor-size-default\">Le P\u00e8re qui voulait avoir un enfant<\/h1>\t\t<\/div>\n\t\t\t\t<\/div>\n\t\t\t\t<\/div>\n\t\t<div class=\"elementor-element elementor-element-f165dfb e-con-full e-flex e-con e-child\" data-id=\"f165dfb\" data-element_type=\"container\">\n\t\t\t\t<div class=\"elementor-element elementor-element-db30749 elementor-widget elementor-widget-text-editor\" data-id=\"db30749\" data-element_type=\"widget\" data-widget_type=\"text-editor.default\">\n\t\t\t\t<div class=\"elementor-widget-container\">\n\t\t\t\t\t\t\t<p style=\"font-weight: 400;\">Un papa congolais se souvient de ses p\u00e9r\u00e9grinations en Scandinavie avec sa fille de deux ans, qu\u2019il ne voit que trop peu. Dans ces trois nouvelles, dont l\u2019une est racont\u00e9e \u00e0 travers le regard de l\u2019enfant, on suit le r\u00e9cit touchant et sans artifice d\u2019un voyage qui retrace l\u2019amour d\u2019un p\u00e8re pour sa fille. On est \u00e9mu par des petits moments de gr\u00e2ce et de communion tr\u00e8s ordinaires, comme ce c\u00e2lin dans les couloirs d\u2019un a\u00e9roport, ce petit-d\u00e9jeuner partag\u00e9 dans un h\u00f4tel, ou cette halte joyeuse au bord de l\u2019eau lors d\u2019un trajet en voiture. Des instants intenses, purs et magiques pour \u00ab se retrouver autour de l\u2019essentiel \u00bb.<\/p><p style=\"font-weight: 400;\"><em>Le P\u00e8re qui voulait avoir un enfant<\/em>, 2019, \u00e9ditions Or P\u00e8res<\/p>\t\t\t\t\t\t<\/div>\n\t\t\t\t<\/div>\n\t\t\t\t<\/div>\n\t\t\t\t<\/div>\n\t\t\t\t\t<\/div>\n\t\t\t\t<\/div>\n\t\t<div class=\"elementor-element elementor-element-929b1cc e-flex e-con-boxed e-con e-parent\" data-id=\"929b1cc\" data-element_type=\"container\">\n\t\t\t\t\t<div class=\"e-con-inner\">\n\t\t<div class=\"elementor-element elementor-element-02d0bb3 e-con-full e-flex e-con e-child\" data-id=\"02d0bb3\" data-element_type=\"container\">\n\t\t\t\t<\/div>\n\t\t<div class=\"elementor-element elementor-element-5577637 e-con-full e-flex e-con e-child\" data-id=\"5577637\" data-element_type=\"container\">\n\t\t\t\t<\/div>\n\t\t<div class=\"elementor-element elementor-element-f85d7ea e-con-full e-flex e-con e-child\" data-id=\"f85d7ea\" data-element_type=\"container\">\n\t\t\t\t<div class=\"elementor-element elementor-element-fb0435e elementor-widget elementor-widget-text-editor\" data-id=\"fb0435e\" data-element_type=\"widget\" data-widget_type=\"text-editor.default\">\n\t\t\t\t<div class=\"elementor-widget-container\">\n\t\t\t\t\t\t\t<p>Enzongo Ngeke 2026 Tous droits r\u00e9serv\u00e9s<\/p>\t\t\t\t\t\t<\/div>\n\t\t\t\t<\/div>\n\t\t\t\t<\/div>\n\t\t\t\t\t<\/div>\n\t\t\t\t<\/div>\n\t\t\t\t<\/div>\n\t\t","protected":false},"excerpt":{"rendered":"<p>Tchombangou La Nuit accuse le Jour d\u2019\u00eatre laxiste. Et d\u2019avoir trop souvent la t\u00eate tourn\u00e9e vers les nuages, plut\u00f4t que vers les enfants de Tchombangou.&hellip;<\/p>\n","protected":false},"author":1,"featured_media":0,"parent":0,"menu_order":0,"comment_status":"closed","ping_status":"closed","template":"","meta":{"footnotes":""},"class_list":["post-146","page","type-page","status-publish","hentry"],"_links":{"self":[{"href":"https:\/\/enzongo-ngeke.fr\/index.php\/wp-json\/wp\/v2\/pages\/146","targetHints":{"allow":["GET"]}}],"collection":[{"href":"https:\/\/enzongo-ngeke.fr\/index.php\/wp-json\/wp\/v2\/pages"}],"about":[{"href":"https:\/\/enzongo-ngeke.fr\/index.php\/wp-json\/wp\/v2\/types\/page"}],"author":[{"embeddable":true,"href":"https:\/\/enzongo-ngeke.fr\/index.php\/wp-json\/wp\/v2\/users\/1"}],"replies":[{"embeddable":true,"href":"https:\/\/enzongo-ngeke.fr\/index.php\/wp-json\/wp\/v2\/comments?post=146"}],"version-history":[{"count":164,"href":"https:\/\/enzongo-ngeke.fr\/index.php\/wp-json\/wp\/v2\/pages\/146\/revisions"}],"predecessor-version":[{"id":947,"href":"https:\/\/enzongo-ngeke.fr\/index.php\/wp-json\/wp\/v2\/pages\/146\/revisions\/947"}],"wp:attachment":[{"href":"https:\/\/enzongo-ngeke.fr\/index.php\/wp-json\/wp\/v2\/media?parent=146"}],"curies":[{"name":"wp","href":"https:\/\/api.w.org\/{rel}","templated":true}]}}