{"id":27,"date":"2024-11-11T19:44:11","date_gmt":"2024-11-11T18:44:11","guid":{"rendered":"http:\/\/enzongo-ngeke.fr\/?page_id=27"},"modified":"2026-01-05T22:05:07","modified_gmt":"2026-01-05T21:05:07","slug":"elementor-page-27","status":"publish","type":"page","link":"https:\/\/enzongo-ngeke.fr\/","title":{"rendered":"Elementor Page #27"},"content":{"rendered":"\t\t<div data-elementor-type=\"wp-page\" data-elementor-id=\"27\" class=\"elementor elementor-27\">\n\t\t\t\t<div class=\"elementor-element elementor-element-73bf5df0 e-con-full e-flex e-con e-parent\" data-id=\"73bf5df0\" data-element_type=\"container\" data-settings=\"{&quot;background_background&quot;:&quot;classic&quot;}\">\n\t\t<div class=\"elementor-element elementor-element-280003a4 e-con-full e-flex e-con e-child\" data-id=\"280003a4\" data-element_type=\"container\">\n\t\t\t\t<div class=\"elementor-element elementor-element-ab23ae6 elementor-widget elementor-widget-image\" data-id=\"ab23ae6\" data-element_type=\"widget\" data-widget_type=\"image.default\">\n\t\t\t\t<div class=\"elementor-widget-container\">\n\t\t\t\t\t\t\t\t\t\t\t\t\t<img fetchpriority=\"high\" decoding=\"async\" width=\"736\" height=\"675\" src=\"https:\/\/enzongo-ngeke.fr\/wp-content\/uploads\/2024\/11\/EN-3.jpg\" class=\"attachment-1536x1536 size-1536x1536 wp-image-12\" alt=\"Enzongo Ngeke\" srcset=\"https:\/\/enzongo-ngeke.fr\/wp-content\/uploads\/2024\/11\/EN-3.jpg 736w, https:\/\/enzongo-ngeke.fr\/wp-content\/uploads\/2024\/11\/EN-3-300x275.jpg 300w\" sizes=\"(max-width: 736px) 100vw, 736px\" \/>\t\t\t\t\t\t\t\t\t\t\t\t\t<\/div>\n\t\t\t\t<\/div>\n\t\t\t\t<\/div>\n\t\t<div class=\"elementor-element elementor-element-3719bea8 e-con-full e-flex e-con e-child\" data-id=\"3719bea8\" data-element_type=\"container\">\n\t\t\t\t<div class=\"elementor-element elementor-element-72988b58 elementor-widget elementor-widget-heading\" data-id=\"72988b58\" data-element_type=\"widget\" data-widget_type=\"heading.default\">\n\t\t\t\t<div class=\"elementor-widget-container\">\n\t\t\t<h1 class=\"elementor-heading-title elementor-size-default\">Enzongo\nNGEKE.<\/h1>\t\t<\/div>\n\t\t\t\t<\/div>\n\t\t\t\t<div class=\"elementor-element elementor-element-7e416c2c elementor-widget elementor-widget-text-editor\" data-id=\"7e416c2c\" data-element_type=\"widget\" data-widget_type=\"text-editor.default\">\n\t\t\t\t<div class=\"elementor-widget-container\">\n\t\t\t\t\t\t\t<p>est un auteur prolifique et un expert reconnu en communication institutionnelle, dont le parcours se distingue par un engagement \u00e0 la fois litt\u00e9raire et public. N\u00e9 en 1982 \u00e0 Kinshasa, en R\u00e9publique D\u00e9mocratique du Congo, il s\u2019installe en France \u00e0 l\u2019\u00e2ge de six ans et grandit en r\u00e9gion parisienne avant de s\u2019\u00e9tablir \u00e0 Paris. Titulaire d\u2019un Master en communication \u00a0&#8230;<\/p>\t\t\t\t\t\t<\/div>\n\t\t\t\t<\/div>\n\t\t\t\t<div class=\"elementor-element elementor-element-11ef617 elementor-widget elementor-widget-button\" data-id=\"11ef617\" data-element_type=\"widget\" data-widget_type=\"button.default\">\n\t\t\t\t<div class=\"elementor-widget-container\">\n\t\t\t\t\t\t\t<div class=\"elementor-button-wrapper\">\n\t\t\t\t\t<a class=\"elementor-button elementor-button-link elementor-size-sm\" href=\"https:\/\/enzongo-ngeke.fr\/index.php\/a-propos\/\">\n\t\t\t\t\t\t<span class=\"elementor-button-content-wrapper\">\n\t\t\t\t\t\t\t\t\t<span class=\"elementor-button-text\">Lire plus<\/span>\n\t\t\t\t\t<\/span>\n\t\t\t\t\t<\/a>\n\t\t\t\t<\/div>\n\t\t\t\t\t\t<\/div>\n\t\t\t\t<\/div>\n\t\t\t\t<\/div>\n\t\t\t\t<\/div>\n\t\t<div class=\"elementor-element elementor-element-4e3656d e-grid e-con-boxed e-con e-parent\" data-id=\"4e3656d\" data-element_type=\"container\">\n\t\t\t\t\t<div class=\"e-con-inner\">\n\t\t\t\t<div class=\"elementor-element elementor-element-68ac22d elementor-widget elementor-widget-image\" data-id=\"68ac22d\" data-element_type=\"widget\" data-widget_type=\"image.default\">\n\t\t\t\t<div class=\"elementor-widget-container\">\n\t\t\t\t\t\t\t\t\t\t\t\t\t<img decoding=\"async\" width=\"768\" height=\"1024\" src=\"https:\/\/enzongo-ngeke.fr\/wp-content\/uploads\/2024\/11\/IMG_8255-768x1024.webp\" class=\"attachment-large size-large wp-image-617\" alt=\"Enzongo Ngeke \u00e0 \u00c9tonnants Voyageurs 2023\" srcset=\"https:\/\/enzongo-ngeke.fr\/wp-content\/uploads\/2024\/11\/IMG_8255-768x1024.webp 768w, https:\/\/enzongo-ngeke.fr\/wp-content\/uploads\/2024\/11\/IMG_8255-225x300.webp 225w, https:\/\/enzongo-ngeke.fr\/wp-content\/uploads\/2024\/11\/IMG_8255-1152x1536.webp 1152w, https:\/\/enzongo-ngeke.fr\/wp-content\/uploads\/2024\/11\/IMG_8255-scaled.webp 1440w\" sizes=\"(max-width: 768px) 100vw, 768px\" \/>\t\t\t\t\t\t\t\t\t\t\t\t\t<\/div>\n\t\t\t\t<\/div>\n\t\t\t\t<div class=\"elementor-element elementor-element-57fc0ad elementor-widget elementor-widget-image\" data-id=\"57fc0ad\" data-element_type=\"widget\" data-widget_type=\"image.default\">\n\t\t\t\t<div class=\"elementor-widget-container\">\n\t\t\t\t\t\t\t\t\t\t\t\t\t<img decoding=\"async\" width=\"768\" height=\"1024\" src=\"https:\/\/enzongo-ngeke.fr\/wp-content\/uploads\/2024\/11\/IMG_8255-22-768x1024.webp\" class=\"attachment-large size-large wp-image-627\" alt=\"\" srcset=\"https:\/\/enzongo-ngeke.fr\/wp-content\/uploads\/2024\/11\/IMG_8255-22-768x1024.webp 768w, https:\/\/enzongo-ngeke.fr\/wp-content\/uploads\/2024\/11\/IMG_8255-22-225x300.webp 225w, https:\/\/enzongo-ngeke.fr\/wp-content\/uploads\/2024\/11\/IMG_8255-22-1152x1536.webp 1152w, https:\/\/enzongo-ngeke.fr\/wp-content\/uploads\/2024\/11\/IMG_8255-22-scaled.webp 1440w\" sizes=\"(max-width: 768px) 100vw, 768px\" \/>\t\t\t\t\t\t\t\t\t\t\t\t\t<\/div>\n\t\t\t\t<\/div>\n\t\t\t\t\t<\/div>\n\t\t\t\t<\/div>\n\t\t<div class=\"elementor-element elementor-element-f92d33f e-grid e-con-full e-con e-parent\" data-id=\"f92d33f\" data-element_type=\"container\">\n\t\t\t\t<div class=\"elementor-element elementor-element-91c995e elementor-drop-cap-yes elementor-drop-cap-view-default elementor-widget elementor-widget-text-editor\" data-id=\"91c995e\" data-element_type=\"widget\" data-settings=\"{&quot;drop_cap&quot;:&quot;yes&quot;}\" data-widget_type=\"text-editor.default\">\n\t\t\t\t<div class=\"elementor-widget-container\">\n\t\t\t\t\t\t\t<div style=\"position:relative;padding-bottom:56.25%;height:0;overflow:hidden;\">\n  <iframe src=\"https:\/\/geo.dailymotion.com\/player.html?video=k2zhHHuUuDBzv8BQOv0\"\n    style=\"width:100%; height:100%; position:absolute; left:0px; top:0px; overflow:hidden; border:none;\"\n    allowfullscreen\n    title=\"Dailymotion Video Player\"\n    allow=\"web-share\">\n  <\/iframe>\n<\/div>\t\t\t\t\t\t<\/div>\n\t\t\t\t<\/div>\n\t\t\t\t<div class=\"elementor-element elementor-element-ee417f7 elementor-widget elementor-widget-text-editor\" data-id=\"ee417f7\" data-element_type=\"widget\" data-widget_type=\"text-editor.default\">\n\t\t\t\t<div class=\"elementor-widget-container\">\n\t\t\t\t\t\t\t<p>&#8220;&#8230; beaucoup ici ont renou\u00e9 avec les croyances traditionnelles, pr\u00e9f\u00e9rant miser sur la magie noire pour d\u00e9nouer les probl\u00e8mes qui les tracassent. Ils ont renonc\u00e9 \u00e0 Dieu. Et ont fait le choix de se tourner vers leurs semblables, des marabouts, qui leur vendent tout ce qu\u2019ils ont besoin d\u2019entendre ou de voir, quand tous ceux qu\u2019ils ont de plus chers vont mal.&#8221; <br \/>Extrait de Tchombangou, 2023<\/p>\t\t\t\t\t\t<\/div>\n\t\t\t\t<\/div>\n\t\t\t\t<\/div>\n\t\t<div class=\"elementor-element elementor-element-7e45fc74 e-flex e-con-boxed e-con e-parent\" data-id=\"7e45fc74\" data-element_type=\"container\" data-settings=\"{&quot;background_background&quot;:&quot;classic&quot;}\">\n\t\t\t\t\t<div class=\"e-con-inner\">\n\t\t\t\t<div class=\"elementor-element elementor-element-1125b0af elementor-widget elementor-widget-heading\" data-id=\"1125b0af\" data-element_type=\"widget\" data-widget_type=\"heading.default\">\n\t\t\t\t<div class=\"elementor-widget-container\">\n\t\t\t<h3 class=\"elementor-heading-title elementor-size-default\">Dieu est mort et il n\u2019ira pas au Paradis<\/h3>\t\t<\/div>\n\t\t\t\t<\/div>\n\t\t\t\t<div class=\"elementor-element elementor-element-5a5fb294 elementor-widget elementor-widget-text-editor\" data-id=\"5a5fb294\" data-element_type=\"widget\" data-widget_type=\"text-editor.default\">\n\t\t\t\t<div class=\"elementor-widget-container\">\n\t\t\t\t\t\t\t<p style=\"font-weight: 400;\">Un homme, confront\u00e9 \u00e0 une maladie myst\u00e9rieuse, tente d\u00e9sesp\u00e9r\u00e9ment de trouver une issue \u00e0 son pass\u00e9 avant que la mort ne le rattrape. Abandonn\u00e9 par tous, il se retrouve face \u00e0 ses d\u00e9mons, cherchant \u00e0 faire ses adieux dans un ultime acte de r\u00e9demption. Sa vie, marqu\u00e9e par des exploits et des \u00e9checs divers, est un m\u00e9lange de d\u00e9sillusions et d&#8217;espoirs bris\u00e9s. \u00c0 l\u2019aube de cette derni\u00e8re \u00e9tape, il d\u00e9couvre la solitude, o\u00f9 la dignit\u00e9 se mesure \u00e0 l\u2019acceptation de ses erreurs.<\/p>\t\t\t\t\t\t<\/div>\n\t\t\t\t<\/div>\n\t\t\t\t<div class=\"elementor-element elementor-element-257e26dd elementor-mobile-align-center elementor-align-center elementor-button-info elementor-widget elementor-widget-button\" data-id=\"257e26dd\" data-element_type=\"widget\" data-widget_type=\"button.default\">\n\t\t\t\t<div class=\"elementor-widget-container\">\n\t\t\t\t\t\t\t<div class=\"elementor-button-wrapper\">\n\t\t\t\t\t<a class=\"elementor-button elementor-button-link elementor-size-sm\" href=\"https:\/\/enzongo-ngeke-auteur.sumupstore.com\/product\/dieu-est-mort-et-il-n-ira-pas-au-paradis\" id=\"Dieu est mort achat\">\n\t\t\t\t\t\t<span class=\"elementor-button-content-wrapper\">\n\t\t\t\t\t\t\t\t\t<span class=\"elementor-button-text\">Acheter <\/span>\n\t\t\t\t\t<\/span>\n\t\t\t\t\t<\/a>\n\t\t\t\t<\/div>\n\t\t\t\t\t\t<\/div>\n\t\t\t\t<\/div>\n\t\t\t\t\t<\/div>\n\t\t\t\t<\/div>\n\t\t<div class=\"elementor-element elementor-element-477fe31 e-flex e-con-boxed e-con e-parent\" data-id=\"477fe31\" data-element_type=\"container\">\n\t\t\t\t\t<div class=\"e-con-inner\">\n\t\t<div class=\"elementor-element elementor-element-572af29 e-con-full e-flex e-con e-child\" data-id=\"572af29\" data-element_type=\"container\">\n\t\t\t\t<\/div>\n\t\t<div class=\"elementor-element elementor-element-747c836 e-con-full e-flex e-con e-child\" data-id=\"747c836\" data-element_type=\"container\">\n\t\t\t\t<\/div>\n\t\t<div class=\"elementor-element elementor-element-7080144 e-con-full e-flex e-con e-child\" data-id=\"7080144\" data-element_type=\"container\">\n\t\t\t\t<div class=\"elementor-element elementor-element-91553b8 elementor-widget elementor-widget-text-editor\" data-id=\"91553b8\" data-element_type=\"widget\" data-widget_type=\"text-editor.default\">\n\t\t\t\t<div class=\"elementor-widget-container\">\n\t\t\t\t\t\t\t<p>Enzongo Ngeke 2026 Tous droits r\u00e9serv\u00e9s<\/p>\t\t\t\t\t\t<\/div>\n\t\t\t\t<\/div>\n\t\t\t\t<\/div>\n\t\t\t\t\t<\/div>\n\t\t\t\t<\/div>\n\t\t\t\t<\/div>\n\t\t","protected":false},"excerpt":{"rendered":"<p>Enzongo NGEKE. est un auteur prolifique et un expert reconnu en communication institutionnelle, dont le parcours se distingue par un engagement \u00e0 la fois litt\u00e9raire&hellip;<\/p>\n","protected":false},"author":1,"featured_media":0,"parent":0,"menu_order":0,"comment_status":"closed","ping_status":"closed","template":"elementor_header_footer","meta":{"footnotes":""},"class_list":["post-27","page","type-page","status-publish","hentry"],"_links":{"self":[{"href":"https:\/\/enzongo-ngeke.fr\/index.php\/wp-json\/wp\/v2\/pages\/27","targetHints":{"allow":["GET"]}}],"collection":[{"href":"https:\/\/enzongo-ngeke.fr\/index.php\/wp-json\/wp\/v2\/pages"}],"about":[{"href":"https:\/\/enzongo-ngeke.fr\/index.php\/wp-json\/wp\/v2\/types\/page"}],"author":[{"embeddable":true,"href":"https:\/\/enzongo-ngeke.fr\/index.php\/wp-json\/wp\/v2\/users\/1"}],"replies":[{"embeddable":true,"href":"https:\/\/enzongo-ngeke.fr\/index.php\/wp-json\/wp\/v2\/comments?post=27"}],"version-history":[{"count":395,"href":"https:\/\/enzongo-ngeke.fr\/index.php\/wp-json\/wp\/v2\/pages\/27\/revisions"}],"predecessor-version":[{"id":936,"href":"https:\/\/enzongo-ngeke.fr\/index.php\/wp-json\/wp\/v2\/pages\/27\/revisions\/936"}],"wp:attachment":[{"href":"https:\/\/enzongo-ngeke.fr\/index.php\/wp-json\/wp\/v2\/media?parent=27"}],"curies":[{"name":"wp","href":"https:\/\/api.w.org\/{rel}","templated":true}]}}